{"id":113,"date":"2021-01-14T12:49:35","date_gmt":"2021-01-14T12:49:35","guid":{"rendered":"http:\/\/wep.jamuzikant.cz\/?page_id=113"},"modified":"2026-02-27T20:04:25","modified_gmt":"2026-02-27T20:04:25","slug":"rolam","status":"publish","type":"page","link":"https:\/\/www.bajnoczizsofia.hu\/","title":{"rendered":"R\u00f3lam"},"content":{"rendered":"\t\t<div data-elementor-type=\"wp-page\" data-elementor-id=\"113\" class=\"elementor elementor-113\">\n\t\t\t\t\t\t<section class=\"elementor-section elementor-top-section elementor-element elementor-element-7631da1 elementor-section-boxed elementor-section-height-default elementor-section-height-default\" data-id=\"7631da1\" data-element_type=\"section\">\n\t\t\t\t\t\t<div class=\"elementor-container elementor-column-gap-default\">\n\t\t\t\t\t<div class=\"elementor-column elementor-col-66 elementor-top-column elementor-element elementor-element-f0f53e6\" data-id=\"f0f53e6\" data-element_type=\"column\">\n\t\t\t<div class=\"elementor-widget-wrap elementor-element-populated\">\n\t\t\t\t\t\t<div class=\"elementor-element elementor-element-6dd4096 elementor-widget elementor-widget-text-editor\" data-id=\"6dd4096\" data-element_type=\"widget\" data-widget_type=\"text-editor.default\">\n\t\t\t\t<div class=\"elementor-widget-container\">\n\t\t\t\t\t\t\t<p>\u00a0<\/p><p><span lang=\"HU\" style=\"font-family: arial, helvetica, sans-serif; color: #333333; font-size: 16px;\">\u00c9letem fordul\u00f3pontj\u00e1t az jelentette, mikor felismertem, hogy akkor tudunk teljes \u00e9letet \u00e9lni, ha szembe mer\u00fcnk n\u00e9zni vesztes\u00e9geinkkel \u00e9s a hal\u00e1llal. Ez a folyamat egyszerre \u00f6nismereti \u00e9s spiritu\u00e1lis.<\/span><\/p><p><span lang=\"HU\" style=\"font-family: arial, helvetica, sans-serif; color: #333333; font-size: 16px;\">Seg\u00edt\u0151i munk\u00e1m mozgat\u00f3rug\u00f3ja, hogy a kliens k\u00f6zelebb ker\u00fclj\u00f6n \u00f6nmag\u00e1hoz \u00e9s ez\u00e1ltal a benne rejl\u0151 isteni er\u0151h\u00f6z, legyen ez csoportban vagy egy\u00e9nileg v\u00e9gzett k\u00eds\u00e9r\u00e9s.<\/span><\/p><p><span lang=\"HU\" style=\"font-family: arial, helvetica, sans-serif; color: #333333; font-size: 16px;\">Ment\u00e1lhigi\u00e9n\u00e9s seg\u00edt\u0151k\u00e9nt a K\u00e1roli G\u00e1sp\u00e1r Reform\u00e1tus Egyetemen diplom\u00e1ztam, az egyetemi \u00e9vek alatt v\u00e9geztem a Kincskeres\u0151 meseterapeuta k\u00e9pz\u00e9st is. A tanulm\u00e1nyaim folyam\u00e1n r\u00e1csod\u00e1lkoztam, hogy \u00e9let\u00fcnket \u00e9s m\u0171k\u00f6d\u00e9s\u00fcnket milyen s\u0171r\u0171n h\u00e1l\u00f3zz\u00e1k be a szimb\u00f3lumok. Felismer\u00e9s\u00fck, kibont\u00e1suk \u00e9s \u00e9rt\u00e9s\u00fck izgalmas kih\u00edv\u00e1s \u00e9s eszk\u00f6z a munk\u00e1m sor\u00e1n.<\/span><\/p><p>\u00a0<\/p>\t\t\t\t\t\t<\/div>\n\t\t\t\t<\/div>\n\t\t\t\t\t<\/div>\n\t\t<\/div>\n\t\t\t\t<div class=\"elementor-column elementor-col-33 elementor-top-column elementor-element elementor-element-29369b5\" data-id=\"29369b5\" data-element_type=\"column\">\n\t\t\t<div class=\"elementor-widget-wrap elementor-element-populated\">\n\t\t\t\t\t\t<div class=\"elementor-element elementor-element-ce80b3a elementor-widget__width-initial elementor-widget elementor-widget-image\" data-id=\"ce80b3a\" data-element_type=\"widget\" data-widget_type=\"image.default\">\n\t\t\t\t<div class=\"elementor-widget-container\">\n\t\t\t\t\t\t\t\t\t\t\t\t\t<img decoding=\"async\" src=\"https:\/\/www.bajnoczizsofia.hu\/wp-content\/uploads\/2021\/02\/Zsofiprofil2.jpg\" title=\"Zsofiprofil2\" alt=\"Zsofiprofil2\" loading=\"lazy\" \/>\t\t\t\t\t\t\t\t\t\t\t\t\t<\/div>\n\t\t\t\t<\/div>\n\t\t\t\t\t<\/div>\n\t\t<\/div>\n\t\t\t\t\t<\/div>\n\t\t<\/section>\n\t\t\t\t<section class=\"elementor-section elementor-top-section elementor-element elementor-element-10369e7 elementor-section-boxed elementor-section-height-default elementor-section-height-default\" data-id=\"10369e7\" data-element_type=\"section\">\n\t\t\t\t\t\t<div class=\"elementor-container elementor-column-gap-default\">\n\t\t\t\t\t<div class=\"elementor-column elementor-col-100 elementor-top-column elementor-element elementor-element-4343f3b\" data-id=\"4343f3b\" data-element_type=\"column\">\n\t\t\t<div class=\"elementor-widget-wrap elementor-element-populated\">\n\t\t\t\t\t\t<div class=\"elementor-element elementor-element-ec01d34 elementor-widget__width-initial elementor-widget elementor-widget-text-editor\" data-id=\"ec01d34\" data-element_type=\"widget\" data-widget_type=\"text-editor.default\">\n\t\t\t\t<div class=\"elementor-widget-container\">\n\t\t\t\t\t\t\t<ul>Szakmai h\u00e1tt\u00e9r:<\/ul><ul><li dir=\"auto\" style=\"color: #222222; font-family: Arial, Helvetica, sans-serif; font-size: small;\"><span style=\"font-family: arial, helvetica, sans-serif; font-size: 16px; color: #333333;\">2026 (folyamatban) Piarista Rend Magyar Tartom\u00e1nya \u2013 Resztorat\u00edv eszk\u00f6z\u00f6k alkalmaz\u00e1sa iskolai k\u00f6rnyezetben<\/span><\/li><\/ul><ul><li dir=\"auto\" style=\"color: #222222; font-family: Arial, Helvetica, sans-serif; font-size: small;\"><span style=\"font-family: arial, helvetica, sans-serif; font-size: 16px; color: #333333;\">2024\u00a0 Magyar Relax\u00e1ci\u00f3s \u00e9s Szimb\u00f3lumter\u00e1pi\u00e1s Egyes\u00fclet &#8211; Di\u00e1krelax 1-2.<\/span><\/li><\/ul><ul><li dir=\"auto\" style=\"color: #222222; font-family: Arial, Helvetica, sans-serif; font-size: small;\"><span style=\"font-family: arial, helvetica, sans-serif; font-size: 16px; color: #333333;\">2017-2020 K\u00e1roli G\u00e1sp\u00e1r Reform\u00e1tus Egyetem &#8211; BTK Pszichol\u00f3giai Int\u00e9zet &#8211; Ment\u00e1lhigi\u00e9n\u00e9s seg\u00edt\u0151<\/span><\/li><\/ul><ul><li dir=\"auto\" style=\"color: #222222; font-family: Arial, Helvetica, sans-serif; font-size: small;\"><span style=\"font-family: arial, helvetica, sans-serif; font-size: 16px; color: #333333;\">2016-2020 Lelki Eg\u00e9szs\u00e9gv\u00e9d\u0151 Alap\u00edtv\u00e1ny &#8211; Kincskeres\u0151 Meseterapeuta k\u00e9pz\u00e9s 1-3.<\/span><\/li><\/ul><ul><li dir=\"auto\" style=\"color: #222222; font-family: Arial, Helvetica, sans-serif; font-size: small;\"><span style=\"font-family: arial, helvetica, sans-serif; font-size: 16px; color: #333333;\">2016 Napfogyatkoz\u00e1s Egyes\u00fclet \u2013 Gy\u00e1szol\u00f3k seg\u00edt\u00e9se \u00e9s gy\u00e1szcsoport-vezet\u00e9s gyakorlata<\/span><\/li><\/ul>\t\t\t\t\t\t<\/div>\n\t\t\t\t<\/div>\n\t\t\t\t\t<\/div>\n\t\t<\/div>\n\t\t\t\t\t<\/div>\n\t\t<\/section>\n\t\t\t\t<\/div>\n\t\t","protected":false},"excerpt":{"rendered":"<p>\u00a0 \u00c9letem fordul\u00f3pontj\u00e1t az jelentette, mikor felismertem, hogy akkor tudunk teljes \u00e9letet \u00e9lni, ha szembe mer\u00fcnk n\u00e9zni vesztes\u00e9geinkkel \u00e9s a hal\u00e1llal. Ez a folyamat egyszerre \u00f6nismereti \u00e9s spiritu\u00e1lis. Seg\u00edt\u0151i munk\u00e1m mozgat\u00f3rug\u00f3ja, hogy a kliens k\u00f6zelebb ker\u00fclj\u00f6n \u00f6nmag\u00e1hoz \u00e9s ez\u00e1ltal a benne rejl\u0151 isteni er\u0151h\u00f6z, legyen ez csoportban vagy egy\u00e9nileg v\u00e9gzett k\u00eds\u00e9r\u00e9s. Ment\u00e1lhigi\u00e9n\u00e9s seg\u00edt\u0151k\u00e9nt a K\u00e1roli [&hellip;]<\/p>\n","protected":false},"author":2,"featured_media":0,"parent":0,"menu_order":0,"comment_status":"closed","ping_status":"closed","template":"","meta":{"footnotes":""},"aioseo_notices":[],"_links":{"self":[{"href":"https:\/\/www.bajnoczizsofia.hu\/index.php\/wp-json\/wp\/v2\/pages\/113"}],"collection":[{"href":"https:\/\/www.bajnoczizsofia.hu\/index.php\/wp-json\/wp\/v2\/pages"}],"about":[{"href":"https:\/\/www.bajnoczizsofia.hu\/index.php\/wp-json\/wp\/v2\/types\/page"}],"author":[{"embeddable":true,"href":"https:\/\/www.bajnoczizsofia.hu\/index.php\/wp-json\/wp\/v2\/users\/2"}],"replies":[{"embeddable":true,"href":"https:\/\/www.bajnoczizsofia.hu\/index.php\/wp-json\/wp\/v2\/comments?post=113"}],"version-history":[{"count":187,"href":"https:\/\/www.bajnoczizsofia.hu\/index.php\/wp-json\/wp\/v2\/pages\/113\/revisions"}],"predecessor-version":[{"id":1781,"href":"https:\/\/www.bajnoczizsofia.hu\/index.php\/wp-json\/wp\/v2\/pages\/113\/revisions\/1781"}],"wp:attachment":[{"href":"https:\/\/www.bajnoczizsofia.hu\/index.php\/wp-json\/wp\/v2\/media?parent=113"}],"curies":[{"name":"wp","href":"https:\/\/api.w.org\/{rel}","templated":true}]}}