{"id":549,"date":"2021-01-26T12:09:38","date_gmt":"2021-01-26T12:09:38","guid":{"rendered":"http:\/\/wep.jamuzikant.cz\/?page_id=549"},"modified":"2022-02-03T09:16:43","modified_gmt":"2022-02-03T09:16:43","slug":"mese","status":"publish","type":"page","link":"https:\/\/www.bajnoczizsofia.hu\/index.php\/mese\/","title":{"rendered":"Mes\u00e9k"},"content":{"rendered":"\t\t<div data-elementor-type=\"wp-page\" data-elementor-id=\"549\" class=\"elementor elementor-549\">\n\t\t\t\t\t\t<section class=\"elementor-section elementor-top-section elementor-element elementor-element-896a3ca elementor-section-boxed elementor-section-height-default elementor-section-height-default\" data-id=\"896a3ca\" data-element_type=\"section\">\n\t\t\t\t\t\t<div class=\"elementor-container elementor-column-gap-default\">\n\t\t\t\t\t<div class=\"elementor-column elementor-col-33 elementor-top-column elementor-element elementor-element-75269a4\" data-id=\"75269a4\" data-element_type=\"column\">\n\t\t\t<div class=\"elementor-widget-wrap elementor-element-populated\">\n\t\t\t\t\t\t<div class=\"elementor-element elementor-element-8b51ce6 elementor-widget elementor-widget-text-editor\" data-id=\"8b51ce6\" data-element_type=\"widget\" data-widget_type=\"text-editor.default\">\n\t\t\t\t<div class=\"elementor-widget-container\">\n\t\t\t\t\t\t\t<p class=\"has-text-color\" style=\"color: #525353;\"><strong>A gy\u00f3gy\u00edt\u00f3 v\u00edz<\/strong><\/p>\n<p><!-- \/wp:paragraph --><!-- wp:paragraph {\"style\":{\"color\":{\"text\":\"#525353\"}}} --><\/p>\n<p class=\"has-text-color\" style=\"color: #525353; text-align: justify;\"><span style=\"font-size: 16px;\">Vadgalamb irok\u00e9z l\u00e1nyka volt. Nagyanyj\u00e1val \u00e9ldeg\u00e9lt egy kis faluban, a nagy nyugati s\u00edks\u00e1g perem\u00e9n. Egy reggel, miut\u00e1n t\u00fczet rakott \u00e9s kiporolta a pr\u00e9mtakar\u00f3kat, felny\u00falt a polcra egy \u00f6reg kors\u00f3\u00e9rt, hogy vizet hozzon. &#8211; Ne ny\u00falj ahhoz a kors\u00f3hoz, Vadgalamb! &#8211; figyelmeztette a nagyanyja. -Mi\u00e9rt? Ha elt\u00f6rne, sem lenne k\u00e1r \u00e9rte. N\u00e9zd csak milyen \u00fct\u00f6tt-kopott m\u00e1r! Nagyany\u00f3 titokzatosan mosolygott. -V\u00e1rj csak estig, majd meghallod a kors\u00f3 csod\u00e1latos t\u00f6rt\u00e9net\u00e9t<span style=\"color: #000000;\">&#8230;<\/span><\/span><span style=\"color: #000000;\"><a style=\"background-color: #ffffff; color: #000000;\" href=\"https:\/\/www.bajnoczizsofia.hu\/index.php\/a-gyogyito-viz\/\" target=\"_blank\" rel=\"noopener\">b\u0151vebben&#8230;<\/a><\/span><\/p>\n<p><!-- \/wp:paragraph --><!-- wp:paragraph {\"style\":{\"color\":{\"text\":\"#c6a6ae\"}}} --><\/p>\n<p class=\"has-text-color\" style=\"color: #c6a6ae;\"><span style=\"color: #deadc6;\"><strong>Gondolatok a mes\u00e9r\u0151l&#8230;<\/strong><\/span><\/p>\n<p><span style=\"color: #deadc6;\"><!-- \/wp:paragraph --><!-- wp:paragraph {\"style\":{\"color\":{\"text\":\"#c6a6ae\"}}} --><\/span><\/p>\n<p class=\"has-text-color\" style=\"color: #c6a6ae; text-align: justify;\"><span style=\"color: #deadc6;\"><span style=\"font-size: 16px;\">Sokat gondolkodtam, hogyan tudn\u00e1m le\u00edrni, mit is jelent nekem: beengedni a lelket. Ekkor jutott eszembe a mese, amit nagyon szeretek, \u00e9s ahogy v\u00e9gig gondoltam a t\u00f6rt\u00e9netet, arra j\u00f6ttem r\u00e1, hogy mennyire hasonl\u00edt az \u00fat, a l\u00e9p\u00e9sek, a k\u00fczdelmek, az aj\u00e1nd\u00e9kok. Ez\u00e9rt gondoltam, hogy le\u00edrom, hogy \u00e9n mit \u00e9ltem \u00e1t, tal\u00e1n seg\u00edt&#8230;, hiszen semmi m\u00e1st nem tudok&#8230;.<\/span><a style=\"background-color: #ffffff; color: #deadc6;\" href=\"https:\/\/www.bajnoczizsofia.hu\/index.php\/a-gyogyito-viz-elemzes\/\" target=\"_blank\" rel=\"noopener\">b\u0151vebben&#8230;<\/a><\/span><\/p>\n<p><strong>Rozmarintsz\u00e1l<\/strong><\/p>\n<p>Volt egyszer egy kir\u00e1ly, akit a n\u00e9pei er\u0151sen szerettek, de sokat is b\u00fasultak miatta, mert nem akart megh\u00e1zasodni. Mi lesz az orsz\u00e1gunkb\u00f3l &#8211; \u00e9vel\u0151dtek a n\u00e9pek -, ha egyszer meghal a kir\u00e1lyunk, s nem marad \u00f6r\u00f6k\u00f6se! Hiszen a kir\u00e1ly szeretett volna megh\u00e1zasodni, be is j\u00e1rt orsz\u00e1got-vil\u00e1got, de sehol sem tal\u00e1lt kedv\u00e9re val\u00f3 feles\u00e9get. Nem tudta m\u00e1r, hogy mit csin\u00e1ljon. Egyszer esz\u00e9be jut, hogy van az \u0151 vadaserdej\u00e9ben egy soktud\u00f3 \u00f6reg vad\u00e1szember, att\u00f3l majd tan\u00e1csot k\u00e9r. Elment az erd\u0151be, megkereste az \u00f6reg vad\u00e1szt, tan\u00e1csot k\u00e9rt t\u0151le. Az \u00f6reg vad\u00e1sz egy rozmarintsz\u00e1lat adott neki, s azt mondta, hogy amely le\u00e1ny el\u0151tt ez a rozmarintsz\u00e1l meghajol, azt vegye el feles\u00e9g\u00fcl&#8230;<a style=\"background-color: #ffffff;\" href=\"https:\/\/www.bajnoczizsofia.hu\/index.php\/rozmarintszal\/\" target=\"_blank\" rel=\"noopener\">b\u0151vebben&#8230;<\/a><\/p>\n<p><span style=\"color: #deadc6;\"><strong>Gondolatok a mes\u00e9r\u0151l&#8230;<\/strong><\/span><\/p>\n<p><span style=\"color: #deadc6;\">Eml\u00e9kszel? A napokban panaszkodtam, hogy a bal lapock\u00e1m alatt valami sz\u00far. Azon gondolkodtam, mit\u0151l lehet, amikor eszembe jutott a Rozmarintsz\u00e1l c\u00edm\u0171 mes\u00e9b\u0151l a t\u00e1ltos l\u00f3\u2026 El\u0151vettem a mes\u00e9t:&#8230;<a style=\"background-color: #ffffff; color: #deadc6;\" href=\"https:\/\/www.bajnoczizsofia.hu\/index.php\/rozmarintszal-elemzese\/\" target=\"_blank\" rel=\"noopener\">b\u0151vebben&#8230;<\/a><\/span><\/p>\n<p>\u00a0<\/p>\t\t\t\t\t\t<\/div>\n\t\t\t\t<\/div>\n\t\t\t\t\t<\/div>\n\t\t<\/div>\n\t\t\t\t<div class=\"elementor-column elementor-col-66 elementor-top-column elementor-element elementor-element-dbe3d1d\" data-id=\"dbe3d1d\" data-element_type=\"column\">\n\t\t\t<div class=\"elementor-widget-wrap\">\n\t\t\t\t\t\t\t<\/div>\n\t\t<\/div>\n\t\t\t\t\t<\/div>\n\t\t<\/section>\n\t\t\t\t<section class=\"elementor-section elementor-top-section elementor-element elementor-element-d46d979 elementor-section-boxed elementor-section-height-default elementor-section-height-default\" data-id=\"d46d979\" data-element_type=\"section\">\n\t\t\t\t\t\t<div class=\"elementor-container elementor-column-gap-default\">\n\t\t\t\t\t<div class=\"elementor-column elementor-col-100 elementor-top-column elementor-element elementor-element-e9088bb\" data-id=\"e9088bb\" data-element_type=\"column\">\n\t\t\t<div class=\"elementor-widget-wrap elementor-element-populated\">\n\t\t\t\t\t\t<div class=\"elementor-element elementor-element-e012e5b elementor-widget elementor-widget-image\" data-id=\"e012e5b\" data-element_type=\"widget\" data-widget_type=\"image.default\">\n\t\t\t\t<div class=\"elementor-widget-container\">\n\t\t\t\t\t\t\t\t\t\t\t\t\t<img fetchpriority=\"high\" decoding=\"async\" width=\"298\" height=\"300\" src=\"https:\/\/www.bajnoczizsofia.hu\/wp-content\/uploads\/2021\/01\/level2-298x300.png\" class=\"attachment-medium size-medium wp-image-1430\" alt=\"\" srcset=\"https:\/\/www.bajnoczizsofia.hu\/wp-content\/uploads\/2021\/01\/level2-298x300.png 298w, https:\/\/www.bajnoczizsofia.hu\/wp-content\/uploads\/2021\/01\/level2-150x150.png 150w, https:\/\/www.bajnoczizsofia.hu\/wp-content\/uploads\/2021\/01\/level2.png 571w\" sizes=\"(max-width: 298px) 100vw, 298px\" \/>\t\t\t\t\t\t\t\t\t\t\t\t\t<\/div>\n\t\t\t\t<\/div>\n\t\t\t\t\t<\/div>\n\t\t<\/div>\n\t\t\t\t\t<\/div>\n\t\t<\/section>\n\t\t\t\t<\/div>\n\t\t","protected":false},"excerpt":{"rendered":"<p>A gy\u00f3gy\u00edt\u00f3 v\u00edz Vadgalamb irok\u00e9z l\u00e1nyka volt. Nagyanyj\u00e1val \u00e9ldeg\u00e9lt egy kis faluban, a nagy nyugati s\u00edks\u00e1g perem\u00e9n. Egy reggel, miut\u00e1n t\u00fczet rakott \u00e9s kiporolta a pr\u00e9mtakar\u00f3kat, felny\u00falt a polcra egy \u00f6reg kors\u00f3\u00e9rt, hogy vizet hozzon. &#8211; Ne ny\u00falj ahhoz a kors\u00f3hoz, Vadgalamb! &#8211; figyelmeztette a nagyanyja. -Mi\u00e9rt? Ha elt\u00f6rne, sem lenne k\u00e1r \u00e9rte. N\u00e9zd csak [&hellip;]<\/p>\n","protected":false},"author":2,"featured_media":0,"parent":0,"menu_order":0,"comment_status":"closed","ping_status":"closed","template":"template-fullwidth.php","meta":{"footnotes":""},"aioseo_notices":[],"_links":{"self":[{"href":"https:\/\/www.bajnoczizsofia.hu\/index.php\/wp-json\/wp\/v2\/pages\/549"}],"collection":[{"href":"https:\/\/www.bajnoczizsofia.hu\/index.php\/wp-json\/wp\/v2\/pages"}],"about":[{"href":"https:\/\/www.bajnoczizsofia.hu\/index.php\/wp-json\/wp\/v2\/types\/page"}],"author":[{"embeddable":true,"href":"https:\/\/www.bajnoczizsofia.hu\/index.php\/wp-json\/wp\/v2\/users\/2"}],"replies":[{"embeddable":true,"href":"https:\/\/www.bajnoczizsofia.hu\/index.php\/wp-json\/wp\/v2\/comments?post=549"}],"version-history":[{"count":133,"href":"https:\/\/www.bajnoczizsofia.hu\/index.php\/wp-json\/wp\/v2\/pages\/549\/revisions"}],"predecessor-version":[{"id":1694,"href":"https:\/\/www.bajnoczizsofia.hu\/index.php\/wp-json\/wp\/v2\/pages\/549\/revisions\/1694"}],"wp:attachment":[{"href":"https:\/\/www.bajnoczizsofia.hu\/index.php\/wp-json\/wp\/v2\/media?parent=549"}],"curies":[{"name":"wp","href":"https:\/\/api.w.org\/{rel}","templated":true}]}}