{"id":551,"date":"2021-01-26T12:10:32","date_gmt":"2021-01-26T12:10:32","guid":{"rendered":"http:\/\/wep.jamuzikant.cz\/?page_id=551"},"modified":"2026-02-27T18:48:06","modified_gmt":"2026-02-27T18:48:06","slug":"kapcsolat","status":"publish","type":"page","link":"https:\/\/www.bajnoczizsofia.hu\/index.php\/kapcsolat\/","title":{"rendered":"Kapcsolat"},"content":{"rendered":"\t\t<div data-elementor-type=\"wp-page\" data-elementor-id=\"551\" class=\"elementor elementor-551\">\n\t\t\t\t\t\t<section class=\"elementor-section elementor-top-section elementor-element elementor-element-061304b elementor-section-boxed elementor-section-height-default elementor-section-height-default\" data-id=\"061304b\" data-element_type=\"section\">\n\t\t\t\t\t\t<div class=\"elementor-container elementor-column-gap-default\">\n\t\t\t\t\t<div class=\"elementor-column elementor-col-33 elementor-top-column elementor-element elementor-element-77e2f1b\" data-id=\"77e2f1b\" data-element_type=\"column\">\n\t\t\t<div class=\"elementor-widget-wrap elementor-element-populated\">\n\t\t\t\t\t\t<div class=\"elementor-element elementor-element-a38c2ef elementor-widget elementor-widget-text-editor\" data-id=\"a38c2ef\" data-element_type=\"widget\" data-widget_type=\"text-editor.default\">\n\t\t\t\t<div class=\"elementor-widget-container\">\n\t\t\t\t\t\t\t<p style=\"text-align: justify;\"><strong>Tal\u00e1lkoz\u00e1sok helysz\u00edne:<\/strong>&nbsp;Szentendre<\/p>\n<p style=\"text-align: justify;\">A szem\u00e9lyes tal\u00e1lkoz\u00e1sok helyett online t\u00e9rben is van lehet\u0151s\u00e9g a besz\u00e9lget\u00e9sek megtart\u00e1s\u00e1ra, azonban el\u0151ny\u00f6sebb, ha az online \u00fcl\u00e9seket egy vagy k\u00e9t alkalmas szem\u00e9lyes tal\u00e1lkoz\u00e1s el\u0151zi meg.<\/p>\n<p><strong>Besz\u00e9lget\u00e9sek t\u00e9mak\u00f6rei: <\/strong>kapcsolati probl\u00e9m\u00e1k, \u00f6nismeret, \u00e9lethelyzetb\u0151l ad\u00f3d\u00f3 neh\u00e9zs\u00e9gek, \u00e9letvezet\u00e9s, gy\u00e1szfeldolgoz\u00e1s<\/p>\n<p style=\"text-align: left;\"><strong>Egy\u00e9ni alkalmak r\u00e9szv\u00e9teli d\u00edja:<\/strong>&nbsp;12.000,-\/50 perc.&nbsp;<\/p>\n<p style=\"text-align: left;\"><span style=\"font-weight: 600;\">Csoportos alkalmak r\u00e9szv\u00e9teli d\u00edja:<\/span>&nbsp;2.000,-\/60 perc.&nbsp;<\/p>\n<p style=\"text-align: left;\">B\u0151vebb inform\u00e1ci\u00f3 emailben k\u00e9rhet\u0151 a probl\u00e9ma r\u00f6vid le\u00edr\u00e1s\u00e1val: <a href=\"mailto:mentalhigienes.segito@gmail.com\"><strong>mentalhigienes.segito@gmail.com<\/strong><\/a><\/p>\t\t\t\t\t\t<\/div>\n\t\t\t\t<\/div>\n\t\t\t\t\t<\/div>\n\t\t<\/div>\n\t\t\t\t<div class=\"elementor-column elementor-col-66 elementor-top-column elementor-element elementor-element-ab08d24\" data-id=\"ab08d24\" data-element_type=\"column\">\n\t\t\t<div class=\"elementor-widget-wrap elementor-element-populated\">\n\t\t\t\t\t\t<div class=\"elementor-element elementor-element-7fb8527 elementor-widget elementor-widget-image\" data-id=\"7fb8527\" data-element_type=\"widget\" data-widget_type=\"image.default\">\n\t\t\t\t<div class=\"elementor-widget-container\">\n\t\t\t\t\t\t\t\t\t\t\t\t\t<img fetchpriority=\"high\" decoding=\"async\" width=\"298\" height=\"300\" src=\"https:\/\/www.bajnoczizsofia.hu\/wp-content\/uploads\/2021\/01\/level-298x300.png\" class=\"attachment-medium size-medium wp-image-1424\" alt=\"\" srcset=\"https:\/\/www.bajnoczizsofia.hu\/wp-content\/uploads\/2021\/01\/level-298x300.png 298w, https:\/\/www.bajnoczizsofia.hu\/wp-content\/uploads\/2021\/01\/level-150x150.png 150w, https:\/\/www.bajnoczizsofia.hu\/wp-content\/uploads\/2021\/01\/level.png 571w\" sizes=\"(max-width: 298px) 100vw, 298px\" \/>\t\t\t\t\t\t\t\t\t\t\t\t\t<\/div>\n\t\t\t\t<\/div>\n\t\t\t\t\t<\/div>\n\t\t<\/div>\n\t\t\t\t\t<\/div>\n\t\t<\/section>\n\t\t\t\t<\/div>\n\t\t","protected":false},"excerpt":{"rendered":"<p>Tal\u00e1lkoz\u00e1sok helysz\u00edne:&nbsp;Szentendre A szem\u00e9lyes tal\u00e1lkoz\u00e1sok helyett online t\u00e9rben is van lehet\u0151s\u00e9g a besz\u00e9lget\u00e9sek megtart\u00e1s\u00e1ra, azonban el\u0151ny\u00f6sebb, ha az online \u00fcl\u00e9seket egy vagy k\u00e9t alkalmas szem\u00e9lyes tal\u00e1lkoz\u00e1s el\u0151zi meg. Besz\u00e9lget\u00e9sek t\u00e9mak\u00f6rei: kapcsolati probl\u00e9m\u00e1k, \u00f6nismeret, \u00e9lethelyzetb\u0151l ad\u00f3d\u00f3 neh\u00e9zs\u00e9gek, \u00e9letvezet\u00e9s, gy\u00e1szfeldolgoz\u00e1s Egy\u00e9ni alkalmak r\u00e9szv\u00e9teli d\u00edja:&nbsp;12.000,-\/50 perc.&nbsp; Csoportos alkalmak r\u00e9szv\u00e9teli d\u00edja:&nbsp;2.000,-\/60 perc.&nbsp; B\u0151vebb inform\u00e1ci\u00f3 emailben k\u00e9rhet\u0151 a probl\u00e9ma r\u00f6vid [&hellip;]<\/p>\n","protected":false},"author":2,"featured_media":0,"parent":0,"menu_order":0,"comment_status":"closed","ping_status":"closed","template":"","meta":{"footnotes":""},"aioseo_notices":[],"_links":{"self":[{"href":"https:\/\/www.bajnoczizsofia.hu\/index.php\/wp-json\/wp\/v2\/pages\/551"}],"collection":[{"href":"https:\/\/www.bajnoczizsofia.hu\/index.php\/wp-json\/wp\/v2\/pages"}],"about":[{"href":"https:\/\/www.bajnoczizsofia.hu\/index.php\/wp-json\/wp\/v2\/types\/page"}],"author":[{"embeddable":true,"href":"https:\/\/www.bajnoczizsofia.hu\/index.php\/wp-json\/wp\/v2\/users\/2"}],"replies":[{"embeddable":true,"href":"https:\/\/www.bajnoczizsofia.hu\/index.php\/wp-json\/wp\/v2\/comments?post=551"}],"version-history":[{"count":188,"href":"https:\/\/www.bajnoczizsofia.hu\/index.php\/wp-json\/wp\/v2\/pages\/551\/revisions"}],"predecessor-version":[{"id":1765,"href":"https:\/\/www.bajnoczizsofia.hu\/index.php\/wp-json\/wp\/v2\/pages\/551\/revisions\/1765"}],"wp:attachment":[{"href":"https:\/\/www.bajnoczizsofia.hu\/index.php\/wp-json\/wp\/v2\/media?parent=551"}],"curies":[{"name":"wp","href":"https:\/\/api.w.org\/{rel}","templated":true}]}}