{"id":591,"date":"2021-01-26T20:22:31","date_gmt":"2021-01-26T20:22:31","guid":{"rendered":"http:\/\/wep.jamuzikant.cz\/?page_id=591"},"modified":"2022-02-02T19:55:32","modified_gmt":"2022-02-02T19:55:32","slug":"a-gyogyito-viz","status":"publish","type":"page","link":"https:\/\/www.bajnoczizsofia.hu\/index.php\/a-gyogyito-viz\/","title":{"rendered":"A gy\u00f3gy\u00edt\u00f3 v\u00edz"},"content":{"rendered":"\t\t<div data-elementor-type=\"wp-page\" data-elementor-id=\"591\" class=\"elementor elementor-591\">\n\t\t\t\t\t\t<section class=\"elementor-section elementor-top-section elementor-element elementor-element-34f6c76 elementor-section-boxed elementor-section-height-default elementor-section-height-default\" data-id=\"34f6c76\" data-element_type=\"section\">\n\t\t\t\t\t\t<div class=\"elementor-container elementor-column-gap-default\">\n\t\t\t\t\t<div class=\"elementor-column elementor-col-66 elementor-top-column elementor-element elementor-element-cb91eb1\" data-id=\"cb91eb1\" data-element_type=\"column\">\n\t\t\t<div class=\"elementor-widget-wrap elementor-element-populated\">\n\t\t\t\t\t\t<div class=\"elementor-element elementor-element-759a768 elementor-widget elementor-widget-text-editor\" data-id=\"759a768\" data-element_type=\"widget\" data-widget_type=\"text-editor.default\">\n\t\t\t\t<div class=\"elementor-widget-container\">\n\t\t\t\t\t\t\t<p style=\"text-align: justify;\">Vadgalamb irok\u00e9z l\u00e1nyka volt. Nagyanyj\u00e1val \u00e9ldeg\u00e9lt egy kis faluban, a nagy nyugati s\u00edks\u00e1g perem\u00e9n. Egy reggel, miut\u00e1n t\u00fczet rakott \u00e9s kiporolta a pr\u00e9mtakar\u00f3kat, felny\u00falt a polcra egy \u00f6reg kors\u00f3\u00e9rt, hogy vizet hozzon. &#8211; Ne ny\u00falj ahhoz a kors\u00f3hoz, Vadgalamb! &#8211; figyelmeztette a nagyanyja. -Mi\u00e9rt? Ha elt\u00f6rne, sem lenne k\u00e1r \u00e9rte. N\u00e9zd csak milyen \u00fct\u00f6tt-kopott m\u00e1r! Nagyany\u00f3 titokzatosan mosolygott. -V\u00e1rj csak estig, majd meghallod a kors\u00f3 csod\u00e1latos t\u00f6rt\u00e9net\u00e9t.<\/p>\n<p><!-- \/wp:paragraph --><!-- wp:paragraph --><\/p>\n<p style=\"text-align: justify;\">A kisl\u00e1ny m\u00e9g sosem \u00e9rezte ilyen hossz\u00fanak a napot. A nap v\u00e9gre lenyugodott a hegyek m\u00f6g\u00e9, nagyany\u00f3 a t\u0171z mell\u00e9 telepedett, \u00e9s sok\u00e1ig r\u00e9v\u00fclten n\u00e9zett a l\u00e1ngokba. \u00d6l\u00e9ben d\u00e9delgette \u00e9s simogatta csontos kez\u00e9vel az \u00f6reg, \u00fct\u00f6tt-kopott kors\u00f3t. Vadgalamb ott \u00fclt mellette nagy, fekete szeme csillogott, k\u00edv\u00e1ncsian v\u00e1rta nagyany\u00f3 mes\u00e9j\u00e9t.<br>&#8211; Sok, sok \u00e9vvel ezel\u0151tt \u2013 fogott hozz\u00e1 nagyany\u00f3, amikor m\u00e9g akkora kisl\u00e1ny voltam, mint te, olyan forr\u00f3 ny\u00e1r k\u00f6sz\u00f6nt\u00f6tt r\u00e1nk, hogy kiapadtak a forr\u00e1sok. Sz\u00f6rny\u0171 rag\u00e1ly puszt\u00edtott embert \u00e9s \u00e1llatot. Hamarosan nem akadt h\u00e1z a faluban, ahol ne sirattak volna halottat. Mindk\u00e9t b\u00e1ty\u00e1mat eltemett\u00fck. \u00c9desany\u00e1m, Harmatcsepp is \u00e1gynak esett. Csodasz\u00e9p, gyeng\u00e9d, j\u00f3lelk\u0171 asszony volt, szeme csillogott, mint egy sima t\u00fckr\u0171 t\u00f3. Ap\u00e1m sz\u00edve majd megszakadt, mikor l\u00e1tnia kellett, hogyan viaskodik Harmatcsepp a hal\u00e1llal, lassan-lassan egyre s\u00e1padtabb \u00e9s gy\u00f6ng\u00e9bb lett.<\/p>\n<p><!-- \/wp:paragraph --><!-- wp:paragraph --><\/p>\n<p style=\"text-align: justify;\">R\u00e9gi-r\u00e9gi hit a mi t\u00f6rzs\u00fcnkn\u00e9l, hogy a nagy Manitou teremtett egy olyan f\u00fcvet, mely minden betegs\u00e9get meggy\u00f3gy\u00edt, de aki szedni akar bel\u0151le, annak el kell mennie a lenyugv\u00f3 nap ut\u00e1n. Nos, egyszer, j\u00f3l eml\u00e9keszem a napra, ap\u00e1m megcs\u00f3kolta a beteget, \u00e9s \u00edgy sz\u00f3lt: \u2013 Harmatcsepp, elmegyek a lenyugv\u00f3 nap ut\u00e1n, \u00e9s elhozom neked a gy\u00f3gyf\u00fcvet. Manitou seg\u00edt, hogy megtal\u00e1ljam. Nem szabad meghalnod!<br>Mind\u00f6ssze kev\u00e9ske vizet vitt mag\u00e1val egy kiv\u00e1jt t\u00f6kh\u00e9jban, \u00e9s rem\u00e9nyekkel tele elindult a hossz\u00fa \u00fatra.<\/p>\n<p><!-- \/wp:paragraph --><!-- wp:paragraph --><\/p>\n<p style=\"text-align: justify;\">\u00c9s most j\u00f3l figyelj Vadgalamb, milyen csod\u00e1latos \u00e9lm\u00e9nyeket \u00e9lt \u00e1t ap\u00e1m, Vidrasz\u00edv ezen az \u00faton.<\/p>\n<p><!-- \/wp:paragraph --><!-- wp:paragraph --><\/p>\n<p style=\"text-align: justify;\">Sok\u00e1ig bolyongott a v\u00e9gtelen pr\u00e9rin, a felh\u0151tlen \u00e9g alatt, a t\u0171z\u0151 napon. Amerre a szem ell\u00e1tott, minden\u00fctt szikkadt f\u0171, sz\u00e1raz bog\u00e1ncs, \u00e9s k\u0151rengeteg. \u2013 Nagy Manitou \u2013 foh\u00e1szkodott Vidrasz\u00edv-, add, hogy megtal\u00e1ljam a gy\u00f3gyf\u00fcvet, hogy Harmatcsepp, meggy\u00f3gyuljon!<br>A nap egyre forr\u00f3bban perzselt, Vidrasz\u00edv egyre lassabban haladt. M\u00e1r-m\u00e1r lerogyott a f\u00e1radts\u00e1gt\u00f3l meg a szomj\u00fas\u00e1gt\u00f3l, m\u00e9gsem akart visszafordulni. Hozz\u00e1 sem ny\u00falt, a mag\u00e1val hozott kev\u00e9ske v\u00edzhez, a legv\u00e9gs\u0151kre tartogatta. Egyszer csak egy nagy fekete madarat pillantott meg, tehetetlen\u00fcl verdesett sz\u00e1rny\u00e1val, de sehogyan sem tudott felemelkedni. Vidrasz\u00edv megsajn\u00e1lta, \u00e9s megitatta a kincset \u00e9r\u0151 v\u00edzb\u0151l. \u2013 Nem tudod, fekete mad\u00e1r, merre n\u0151 az a f\u0171, amely meggy\u00f3gy\u00edtan\u00e1 Harmatcseppet? \u2013 k\u00e9rdezte. \u2013 Jaj &#8211; felelte a fekete mad\u00e1r -, amerre \u00e9n j\u00e1rtam, minden\u00fctt csak felperzselt f\u00f6ldet l\u00e1ttam, hanem sz\u00edvesen veled tarok, seg\u00edtek megkeresni a gy\u00f3gyf\u00fcvet.<br>Egy\u00fctt v\u00e1ndoroltak tov\u00e1bb, de gy\u00f3gyf\u00fcvet nem tal\u00e1ltak. Kis id\u0151 m\u00falt\u00e1n tal\u00e1lkoztak egy farkassal. Alig v\u00e1nszorgott a gyenges\u00e9gt\u0151l, k\u00f6ny\u00f6rg\u0151n n\u00e9zett Vidrasz\u00edvre, mintha t\u0151le v\u00e1rna seg\u00edts\u00e9get. \u201eEz az \u00e1llat is olyan elesett, mint Harmatcsepp\u201d &#8211; gondolta Vidrasz\u00edv Odany\u00fajtotta neki a t\u00f6kh\u00e9jat, a farkas pedig kiitta utols\u00f3 cseppig.<br>\u2013 Mondd, farkas, hol tal\u00e1lom azt a gy\u00f3gyf\u00fcvet, amelyet Manitou teremtett, hogy meggy\u00f3gy\u00edtsa vele a betegeket? \u2013 k\u00e9rdezte Vidrasz\u00edv. \u2013 Jaj \u2013 felelte a farkas -, amerre \u00e9n j\u00e1rtam, minden\u00fctt csak felperzselt f\u00f6ldet l\u00e1ttam, hanem sz\u00edvesen veled tarok, seg\u00edtek megkeresni a gy\u00f3gyf\u00fcvet. \u00cdgy v\u00e1ndoroltak h\u00e1rmasban a napsz\u00edtta pr\u00e9rin. Megvizsg\u00e1ltak minden \u00fatjukba akad\u00f3 n\u00f6v\u00e9nyt, de a gy\u00f3gyf\u00fcvet nem tal\u00e1lt\u00e1k. Vidrasz\u00edv v\u00e9gk\u00e9p eler\u0151tlenedett, leroskadt a f\u00e1radts\u00e1gt\u00f3l meg a szomj\u00fas\u00e1gt\u00f3l. A nagy fekete mad\u00e1r a v\u00e1ll\u00e1ra telepedett, \u00e9s a sz\u00e1rny\u00e1val legyezgette. A farkas pedig t\u00e1vol tartotta t\u0151le a m\u00e9rges pr\u00e9rilegyeket.<\/p>\n<p><!-- \/wp:paragraph --><!-- wp:paragraph --><\/p>\n<p style=\"text-align: justify;\">Vidrasz\u00edv csod\u00e1latos \u00e1lmot l\u00e1tott. \u00c1lm\u00e1ban Harmatcsepp jelent meg, s\u00e1padtan, csontig sov\u00e1nyodva. Az asszony m\u00e9gis mosolyogva n\u00e9zett r\u00e1, \u00e9s egy dalt \u00e9nekelt neki, amely \u00fagy csacsogott, fecsegett, mint egy forr\u00e1s. Hirtelen elt\u0171nt a l\u00e1tom\u00e1s, helyette nagy tiszta viz\u0171 foly\u00f3t l\u00e1tott Vidrasz\u00edv s egy hangot hallott, amely \u00edgy sz\u00f3lt hozz\u00e1: -Keress meg Vidrasz\u00edv, keress meg! Ha r\u00e1m tal\u00e1lsz, Harmatcsepp meggy\u00f3gyul.<br>Amikor Vidrasz\u00edv fel\u00e9bredt, mintha halk duruzsol\u00e1st hallana a l\u00e1ba alatt: &#8211; Szabad\u00edts ki Vidrasz\u00edv!<br>A duruzsol\u00f3 hang a f\u00f6ld al\u00f3l j\u00f6tt, de hogyan laz\u00edthatn\u00e1 meg a szikkadt kem\u00e9ny f\u00f6ldet szersz\u00e1m n\u00e9lk\u00fcl? Mert aki gy\u00f3gyf\u00fcvet keres, annak nem szabad k\u00e9st, tomahawkot, sem egy\u00e9b fegyvert mag\u00e1val vinnie. Vidrasz\u00edv megpr\u00f3b\u00e1lta puszta k\u00e9zzel felt\u00farni a f\u00f6ldet. Egy kis g\u00f6dr\u00f6csk\u00e9t siker\u00fclt ki\u00e1snia, de abba kellett hagynia a munk\u00e1t, mert v\u00e9rzett a keze, f\u00f6lszaggatt\u00e1k a kem\u00e9ny r\u00f6g\u00f6k. M\u00e1r-m\u00e1r azt hitte, minden f\u00e1radts\u00e1ga k\u00e1rba veszett, de ekkor a mad\u00e1r, meg a farkas l\u00e1tott munk\u00e1hoz. A mad\u00e1r er\u0151s cs\u0151r\u00e9vel vagdosta a f\u00f6ldet, a farkas pedig a mancs\u00e1val kezdett \u00e1sni. Siker\u00fclt is hamarosan egy kis g\u00f6dr\u00f6t ki\u00e1sniuk. \u00c9s l\u00e1m a g\u00f6d\u00f6r alj\u00e1n forr\u00e1s fakadt fel. Alig \u00e9rte n\u00e9h\u00e1ny csepp Vidrasz\u00edv v\u00e9rz\u0151 kez\u00e9t, m\u00e1r be is gy\u00f3gyultak a sebek, \u00e9s megsz\u0171nt a f\u00e1jdalom. Vidrasz\u00edv ezut\u00e1n mer\u00edtett a tiszta v\u00edzb\u0151l, \u00e9s \u00e9rezte amint kortyr\u00f3l kortyra visszat\u00e9r tagjaiba az \u00e9let. A forr\u00e1s egyre er\u0151sebb sug\u00e1rban, egyre gazdagabban t\u00f6rt fel, \u00e9s amikor megtelt a g\u00f6d\u00f6r, csillog\u00f3 patakk\u00e9nt cs\u00f6rgedezett tova a szikkadt pr\u00e9rin.<br>Ekkor Vidrasz\u00edv egy mar\u00e9k agyagot gy\u00fart meg a forr\u00e1sv\u00edzben, kors\u00f3t k\u00e9sz\u00edtett bel\u0151le. Mit t\u00f6r\u0151d\u00f6tt vele, hogy form\u00e1tlan, esetlen \u00e9s d\u00edsztelen, nem akarta vesztegetni az id\u0151t, hiszen Harmatcsepp \u00e9let\u00e9r\u0151l volt sz\u00f3. Telemer\u00edtette a kors\u00f3t, \u00e9s m\u00e1r rep\u00fclt is haza, mintha sz\u00e1rnyai n\u0151ttek volna. Harmatcsepp, m\u00e1r a hal\u00e1l\u00e1n volt. Vidrasz\u00edv egyenesen az \u00e1gy\u00e1hoz l\u00e9pett, \u00e9s ajk\u00e1hoz emelte a kors\u00f3t. Alig ivott az asszony n\u00e9h\u00e1ny kortyot, ny\u00fajt\u00f3zni kezdett, azut\u00e1n m\u00e9ly, eg\u00e9szs\u00e9ges \u00e1lomba mer\u00fclt, majd kipirult arccal, ragyog\u00f3 szemmel, eg\u00e9szs\u00e9gesen \u00e9bredt. Vidrasz\u00edv azonban nagy \u00f6r\u00f6m\u00e9ben sem feledkezett meg faluj\u00e1r\u00f3l. H\u00e1zr\u00f3l h\u00e1zra j\u00e1rt, a csodatev\u0151 kors\u00f3val, \u00e9s m\u00e9g aznap meggy\u00f3gyult minden beteg. \u00dajj\u00e1\u00e9ledt a falu. Harmatcsepp, \u00e9s Vidrasz\u00edv m\u00e9g boldogabban \u00e9ltek, mint azel\u0151tt.<\/p>\n<p><!-- \/wp:paragraph --><!-- wp:paragraph --><\/p>\n<p style=\"text-align: justify;\">\u2013 L\u00e1tod Vadgalamb \u2013 fejezte be nagyany\u00f3-, ez az a kors\u00f3, amelyben egykor d\u00e9dap\u00e1d elhozta a gy\u00f3gy\u00edt\u00f3 vizet.<br>A l\u00e1nyka csak nagy sok\u00e1ra merte megt\u00f6rni a csendet:<br>\u2013 Nagyany\u00f3 most m\u00e1r sokkal szebbnek l\u00e1tom ezt az \u00fct\u00f6tt-kopott \u00f6reg kors\u00f3t a t\u00f6bbin\u00e9l.<br>Vadgalamb soha t\u00f6bb\u00e9 nem ny\u00falt a kors\u00f3hoz, azt hiszem, az\u00f3ta is ott van a polcon, egy wigwamban, az irok\u00e9z falu sz\u00e9l\u00e9n.<\/p><p style=\"text-align: justify;\"><br><\/p>\t\t\t\t\t\t<\/div>\n\t\t\t\t<\/div>\n\t\t\t\t\t<\/div>\n\t\t<\/div>\n\t\t\t\t<div class=\"elementor-column elementor-col-33 elementor-top-column elementor-element elementor-element-fa3c3e0\" data-id=\"fa3c3e0\" data-element_type=\"column\">\n\t\t\t<div class=\"elementor-widget-wrap\">\n\t\t\t\t\t\t\t<\/div>\n\t\t<\/div>\n\t\t\t\t\t<\/div>\n\t\t<\/section>\n\t\t\t\t<\/div>\n\t\t","protected":false},"excerpt":{"rendered":"<p>Vadgalamb irok\u00e9z l\u00e1nyka volt. Nagyanyj\u00e1val \u00e9ldeg\u00e9lt egy kis faluban, a nagy nyugati s\u00edks\u00e1g perem\u00e9n. Egy reggel, miut\u00e1n t\u00fczet rakott \u00e9s kiporolta a pr\u00e9mtakar\u00f3kat, felny\u00falt a polcra egy \u00f6reg kors\u00f3\u00e9rt, hogy vizet hozzon. &#8211; Ne ny\u00falj ahhoz a kors\u00f3hoz, Vadgalamb! &#8211; figyelmeztette a nagyanyja. -Mi\u00e9rt? Ha elt\u00f6rne, sem lenne k\u00e1r \u00e9rte. N\u00e9zd csak milyen \u00fct\u00f6tt-kopott m\u00e1r! [&hellip;]<\/p>\n","protected":false},"author":2,"featured_media":0,"parent":0,"menu_order":0,"comment_status":"closed","ping_status":"closed","template":"","meta":{"footnotes":""},"aioseo_notices":[],"_links":{"self":[{"href":"https:\/\/www.bajnoczizsofia.hu\/index.php\/wp-json\/wp\/v2\/pages\/591"}],"collection":[{"href":"https:\/\/www.bajnoczizsofia.hu\/index.php\/wp-json\/wp\/v2\/pages"}],"about":[{"href":"https:\/\/www.bajnoczizsofia.hu\/index.php\/wp-json\/wp\/v2\/types\/page"}],"author":[{"embeddable":true,"href":"https:\/\/www.bajnoczizsofia.hu\/index.php\/wp-json\/wp\/v2\/users\/2"}],"replies":[{"embeddable":true,"href":"https:\/\/www.bajnoczizsofia.hu\/index.php\/wp-json\/wp\/v2\/comments?post=591"}],"version-history":[{"count":22,"href":"https:\/\/www.bajnoczizsofia.hu\/index.php\/wp-json\/wp\/v2\/pages\/591\/revisions"}],"predecessor-version":[{"id":1659,"href":"https:\/\/www.bajnoczizsofia.hu\/index.php\/wp-json\/wp\/v2\/pages\/591\/revisions\/1659"}],"wp:attachment":[{"href":"https:\/\/www.bajnoczizsofia.hu\/index.php\/wp-json\/wp\/v2\/media?parent=591"}],"curies":[{"name":"wp","href":"https:\/\/api.w.org\/{rel}","templated":true}]}}