{"id":832,"date":"2021-01-28T16:33:09","date_gmt":"2021-01-28T16:33:09","guid":{"rendered":"http:\/\/wep.jamuzikant.cz\/?page_id=832"},"modified":"2021-01-28T16:56:02","modified_gmt":"2021-01-28T16:56:02","slug":"proba","status":"publish","type":"page","link":"https:\/\/www.bajnoczizsofia.hu\/index.php\/proba\/","title":{"rendered":"Proba"},"content":{"rendered":"\t\t<div data-elementor-type=\"wp-page\" data-elementor-id=\"832\" class=\"elementor elementor-832\">\n\t\t\t\t\t\t<section class=\"elementor-section elementor-top-section elementor-element elementor-element-af8974b elementor-section-boxed elementor-section-height-default elementor-section-height-default\" data-id=\"af8974b\" data-element_type=\"section\">\n\t\t\t\t\t\t<div class=\"elementor-container elementor-column-gap-default\">\n\t\t\t\t\t<div class=\"elementor-column elementor-col-100 elementor-top-column elementor-element elementor-element-d6d8c76\" data-id=\"d6d8c76\" data-element_type=\"column\">\n\t\t\t<div class=\"elementor-widget-wrap elementor-element-populated\">\n\t\t\t\t\t\t<div class=\"elementor-element elementor-element-ff189d0 elementor-widget elementor-widget-heading\" data-id=\"ff189d0\" data-element_type=\"widget\" data-widget_type=\"heading.default\">\n\t\t\t\t<div class=\"elementor-widget-container\">\n\t\t\t<h2 class=\"elementor-heading-title elementor-size-default\">Rogersi m\u00f3dszer<\/h2>\t\t<\/div>\n\t\t\t\t<\/div>\n\t\t\t\t\t<\/div>\n\t\t<\/div>\n\t\t\t\t\t<\/div>\n\t\t<\/section>\n\t\t\t\t<section class=\"elementor-section elementor-top-section elementor-element elementor-element-251c0b3 elementor-section-boxed elementor-section-height-default elementor-section-height-default\" data-id=\"251c0b3\" data-element_type=\"section\">\n\t\t\t\t\t\t<div class=\"elementor-container elementor-column-gap-custom\">\n\t\t\t\t\t<div class=\"elementor-column elementor-col-100 elementor-top-column elementor-element elementor-element-6b2c5b0\" data-id=\"6b2c5b0\" data-element_type=\"column\">\n\t\t\t<div class=\"elementor-widget-wrap elementor-element-populated\">\n\t\t\t\t\t\t<section class=\"elementor-section elementor-inner-section elementor-element elementor-element-bd66b1e elementor-section-boxed elementor-section-height-default elementor-section-height-default\" data-id=\"bd66b1e\" data-element_type=\"section\">\n\t\t\t\t\t\t<div class=\"elementor-container elementor-column-gap-default\">\n\t\t\t\t\t<div class=\"elementor-column elementor-col-50 elementor-inner-column elementor-element elementor-element-c8cb643\" data-id=\"c8cb643\" data-element_type=\"column\">\n\t\t\t<div class=\"elementor-widget-wrap elementor-element-populated\">\n\t\t\t\t\t\t<div class=\"elementor-element elementor-element-8f49a10 elementor-widget elementor-widget-image\" data-id=\"8f49a10\" data-element_type=\"widget\" data-widget_type=\"image.default\">\n\t\t\t\t<div class=\"elementor-widget-container\">\n\t\t\t\t\t\t\t\t\t\t\t\t\t<img decoding=\"async\" src=\"http:\/\/wep.jamuzikant.cz\/wp-content\/uploads\/2021\/01\/cropped-szo\u0301ro\u0301lap-alapvirag8-2.png\" title=\"\" alt=\"\" loading=\"lazy\" \/>\t\t\t\t\t\t\t\t\t\t\t\t\t<\/div>\n\t\t\t\t<\/div>\n\t\t\t\t\t<\/div>\n\t\t<\/div>\n\t\t\t\t<div class=\"elementor-column elementor-col-50 elementor-inner-column elementor-element elementor-element-c0b4ef6\" data-id=\"c0b4ef6\" data-element_type=\"column\">\n\t\t\t<div class=\"elementor-widget-wrap elementor-element-populated\">\n\t\t\t\t\t\t<div class=\"elementor-element elementor-element-4b65dca elementor-widget elementor-widget-text-editor\" data-id=\"4b65dca\" data-element_type=\"widget\" data-widget_type=\"text-editor.default\">\n\t\t\t\t<div class=\"elementor-widget-container\">\n\t\t\t\t\t\t\t<p><em style=\"color: #c6a6ae;\">\u201eMin\u00e9l jobban meg\u00e9rt\u00fcnk \u00e9s min\u00e9l ink\u00e1bb elfogadunk valakit, ann\u00e1l ink\u00e1bb siker\u00fcl megv\u00e1ltani azokt\u00f3l a hamis viselked\u00e9sm\u00f3dokt\u00f3l, amelyek kor\u00e1bban az \u00e9lettel val\u00f3 kapcsolat\u00e1t jelentett\u00e9k, \u00e9s ann\u00e1l ink\u00e1bb k\u00e9pes elmozdulni egy olyan ir\u00e1nyba, amely valamilyen szempontb\u00f3l pozit\u00edvnak tekinthet\u0151.\u201d (Carl Rogers \u2013 Valakiv\u00e9 v\u00e1lni)<\/em><\/p>\t\t\t\t\t\t<\/div>\n\t\t\t\t<\/div>\n\t\t\t\t\t<\/div>\n\t\t<\/div>\n\t\t\t\t\t<\/div>\n\t\t<\/section>\n\t\t\t\t\t<\/div>\n\t\t<\/div>\n\t\t\t\t\t<\/div>\n\t\t<\/section>\n\t\t\t\t<section class=\"elementor-section elementor-top-section elementor-element elementor-element-bb857a3 elementor-section-boxed elementor-section-height-default elementor-section-height-default\" data-id=\"bb857a3\" data-element_type=\"section\">\n\t\t\t\t\t\t<div class=\"elementor-container elementor-column-gap-default\">\n\t\t\t\t\t<div class=\"elementor-column elementor-col-100 elementor-top-column elementor-element elementor-element-0a4da0b\" data-id=\"0a4da0b\" data-element_type=\"column\">\n\t\t\t<div class=\"elementor-widget-wrap elementor-element-populated\">\n\t\t\t\t\t\t<div class=\"elementor-element elementor-element-18a0b55 elementor-widget elementor-widget-text-editor\" data-id=\"18a0b55\" data-element_type=\"widget\" data-widget_type=\"text-editor.default\">\n\t\t\t\t<div class=\"elementor-widget-container\">\n\t\t\t\t\t\t\t<p class=\"has-text-color\">Ment\u00e1lhigi\u00e9n\u00e9sk\u00e9nt munk\u00e1mat a rogersi m\u00f3dszer h\u00e1rom pill\u00e9re hat\u00e1rozza meg: elfogad\u00e1s, emp\u00e1tia, hiteless\u00e9g.<\/p><p class=\"has-text-color\">Rogers szerint az ember alapvet\u0151en j\u00f3, \u00e9s azt tartja, minden emberben megvan a k\u00e9pess\u00e9g, az az er\u0151, ami a v\u00e1ltoz\u00e1s\u00e1t, fejl\u0151d\u00e9s\u00e9t el\u0151seg\u00edti. A terapeuta feladata, hogy megteremtse azt a biztons\u00e1gos k\u00f6zeget, ahol a kliens k\u00e9pess\u00e9 v\u00e1lik r\u00e1tal\u00e1lni a bels\u0151 er\u0151re, majd haszn\u00e1lni azt. Vagyis k\u00e9pess\u00e9 v\u00e1lik szemben\u00e9zni f\u00e1jdalmaival, f\u00e9lelmeivel, \u00e1rny\u00e9kban l\u00e9v\u0151, titkolt szem\u00e9lyis\u00e9gr\u00e9szeivel, nem megfelel\u0151 m\u0171k\u00f6d\u00e9sm\u00f3djaival.<\/p>\t\t\t\t\t\t<\/div>\n\t\t\t\t<\/div>\n\t\t\t\t\t<\/div>\n\t\t<\/div>\n\t\t\t\t\t<\/div>\n\t\t<\/section>\n\t\t\t\t<section class=\"elementor-section elementor-top-section elementor-element elementor-element-495a33a elementor-section-boxed elementor-section-height-default elementor-section-height-default\" data-id=\"495a33a\" data-element_type=\"section\">\n\t\t\t\t\t\t<div class=\"elementor-container elementor-column-gap-default\">\n\t\t\t\t\t<div class=\"elementor-column elementor-col-100 elementor-top-column elementor-element elementor-element-f4324ff\" data-id=\"f4324ff\" data-element_type=\"column\">\n\t\t\t<div class=\"elementor-widget-wrap elementor-element-populated\">\n\t\t\t\t\t\t<div class=\"elementor-element elementor-element-2b9b2d2 elementor-widget elementor-widget-heading\" data-id=\"2b9b2d2\" data-element_type=\"widget\" data-widget_type=\"heading.default\">\n\t\t\t\t<div class=\"elementor-widget-container\">\n\t\t\t<h2 class=\"elementor-heading-title elementor-size-default\">Kincskeres\u0151 m\u00f3dszer<\/h2>\t\t<\/div>\n\t\t\t\t<\/div>\n\t\t\t\t\t<\/div>\n\t\t<\/div>\n\t\t\t\t\t<\/div>\n\t\t<\/section>\n\t\t\t\t<section class=\"elementor-section elementor-top-section elementor-element elementor-element-fd7d4a1 elementor-section-boxed elementor-section-height-default elementor-section-height-default\" data-id=\"fd7d4a1\" data-element_type=\"section\">\n\t\t\t\t\t\t<div class=\"elementor-container elementor-column-gap-default\">\n\t\t\t\t\t<div class=\"elementor-column elementor-col-66 elementor-top-column elementor-element elementor-element-f96f583\" data-id=\"f96f583\" data-element_type=\"column\">\n\t\t\t<div class=\"elementor-widget-wrap elementor-element-populated\">\n\t\t\t\t\t\t<div class=\"elementor-element elementor-element-1778193 elementor-widget elementor-widget-text-editor\" data-id=\"1778193\" data-element_type=\"widget\" data-widget_type=\"text-editor.default\">\n\t\t\t\t<div class=\"elementor-widget-container\">\n\t\t\t\t\t\t\t<p><em style=\"color: #bc96a3;\">\u201eA\u00a0mes\u00e9k, m\u00edtoszok \u00e9s mond\u00e1k\u00a0a v\u00e1gyainkb\u00f3l, a fant\u00e1zi\u00e1nkb\u00f3l \u00e9s az \u00e9rzelmeinkb\u0151l sz\u00fclettek, s \u00edgy\u00a0a k\u00e9pzelet \u00e9s a val\u00f3s\u00e1g \u00f6sszefon\u00f3d\u00e1sai.\u00a0A mes\u00e9k szimbolikus k\u00e9peikkel \u00e9s cselekm\u00e9nyeikkel nagyon m\u00e9ly intuit\u00edv tud\u00e1st \u00e9s sejt\u00e9seket jelen\u00edtenek meg az \u00e9let miszt\u00e9rium\u00e1r\u00f3l, t\u00f6rv\u00e9nyszer\u0171s\u00e9geir\u0151l, a l\u00e9lekben j\u00e1tsz\u00f3d\u00f3 folyamatokr\u00f3l. A meseter\u00e1pia abb\u00f3l a felismer\u00e9sb\u0151l indul ki, hogy az emberi l\u00e9lekben f\u00f6lmer\u00fcl\u0151 konfliktusok (feln\u0151ttkori kr\u00edzisek: sz\u00fcl\u0151kr\u0151l val\u00f3 lev\u00e1l\u00e1s, p\u00e1rv\u00e1laszt\u00e1si dilemm\u00e1k stb.) szimbolikus form\u00e1ban megtal\u00e1lhat\u00f3k a mes\u00e9kben is.\u201d (Antalfai M\u00e1rta \u2013 A mese gy\u00f3gy\u00edt\u00f3 ereje)<\/em><\/p>\t\t\t\t\t\t<\/div>\n\t\t\t\t<\/div>\n\t\t\t\t\t<\/div>\n\t\t<\/div>\n\t\t\t\t<div class=\"elementor-column elementor-col-33 elementor-top-column elementor-element elementor-element-7137aae\" data-id=\"7137aae\" data-element_type=\"column\">\n\t\t\t<div class=\"elementor-widget-wrap elementor-element-populated\">\n\t\t\t\t\t\t<div class=\"elementor-element elementor-element-de2b6b7 elementor-widget elementor-widget-image\" data-id=\"de2b6b7\" data-element_type=\"widget\" data-widget_type=\"image.default\">\n\t\t\t\t<div class=\"elementor-widget-container\">\n\t\t\t\t\t\t\t\t\t\t\t\t\t<img decoding=\"async\" width=\"150\" height=\"150\" src=\"https:\/\/www.bajnoczizsofia.hu\/wp-content\/uploads\/2021\/01\/szo\u0301ro\u0301lap-alapvirag8-1-e1611852736788-150x150.png\" class=\"attachment-thumbnail size-thumbnail wp-image-754\" alt=\"\" \/>\t\t\t\t\t\t\t\t\t\t\t\t\t<\/div>\n\t\t\t\t<\/div>\n\t\t\t\t\t<\/div>\n\t\t<\/div>\n\t\t\t\t\t<\/div>\n\t\t<\/section>\n\t\t\t\t<section class=\"elementor-section elementor-top-section elementor-element elementor-element-8f59d78 elementor-section-boxed elementor-section-height-default elementor-section-height-default\" data-id=\"8f59d78\" data-element_type=\"section\">\n\t\t\t\t\t\t<div class=\"elementor-container elementor-column-gap-default\">\n\t\t\t\t\t<div class=\"elementor-column elementor-col-100 elementor-top-column elementor-element elementor-element-912c13f\" data-id=\"912c13f\" data-element_type=\"column\">\n\t\t\t<div class=\"elementor-widget-wrap elementor-element-populated\">\n\t\t\t\t\t\t<div class=\"elementor-element elementor-element-11da601 elementor-widget elementor-widget-text-editor\" data-id=\"11da601\" data-element_type=\"widget\" data-widget_type=\"text-editor.default\">\n\t\t\t\t<div class=\"elementor-widget-container\">\n\t\t\t\t\t\t\t<p>A Kincskeres\u0151 m\u00f3dszert els\u0151sorban z\u00e1rt csoportokban haszn\u00e1lom, de az egy\u00e9ni k\u00eds\u00e9r\u00e9shez is seg\u00edts\u00e9g\u00fcl h\u00edvhat\u00f3ak a mes\u00e9k szimb\u00f3lumai.<\/p><p>A meseter\u00e1pi\u00e1s csoportokban n\u00e9pmes\u00e9kkel \u00e9s m\u0171v\u00e9szetter\u00e1pi\u00e1s eszk\u00f6z\u00f6kkel dolgozunk. A mes\u00e9ket ellazult \u00e1llapotban hallgatj\u00e1k meg a r\u00e9sztvev\u0151k, ebben az imagin\u00e1lt \u00e1llapotban a pszich\u00e9s m\u0171k\u00f6d\u00e9s els\u0151dleges folyamatainak szintj\u00e9re ker\u00fclnek. Els\u0151dleges szintnek nevezz\u00fck, mert a besz\u00e9d kifejl\u0151d\u00e9se el\u0151tti id\u0151szakhoz hasonl\u00f3an a k\u00e9pek \u00e9s \u00e9rzelmek domin\u00e1lnak, mint csecsem\u0151korban, az \u0151si id\u0151kben, vagy ak\u00e1r az \u00e1lmainkban.<\/p><p>A k\u00e9pzeletben megjelen\u0151 k\u00e9pek \u2013 amiket a mese h\u00edvott \u00e9letre -, az imagin\u00e1ci\u00f3t k\u00f6vet\u0151en alkot\u00e1s form\u00e1j\u00e1ban realiz\u00e1l\u00f3dnak. Jellemz\u0151en ezek a k\u00e9pek nem \u00e9leth\u0171ek, a val\u00f3s\u00e1gt\u00f3l elrugaszkodottak, hiszen \u00e9pp az a feladatuk, hogy valamit lek\u00e9pezzenek a bels\u0151 vil\u00e1gunkb\u00f3l, a tudattalanunkb\u00f3l. Az elk\u00e9sz\u00fclt rajzok, festm\u00e9nyek, agyagfigur\u00e1k feldolgoz\u00e1sa m\u00e1r verbaliz\u00e1lt form\u00e1ban t\u00f6rt\u00e9nik, \u00edgy ford\u00edtva vissza a tudatos, vagy m\u00e1sodlagos szintre. A megjelen\u0151 szimb\u00f3lumok ahogy a mes\u00e9ben, \u00fagy az alkot\u00e1sokon is a megold\u00e1s fel\u00e9 seg\u00edthetik a klienst. Nem csak az\u00e9rt, mert f\u00e9lelmek, frusztr\u00e1ci\u00f3k, v\u00e1gyak, differenci\u00e1latlan pszich\u00e9s tartalmak kapnak ez\u00e1ltal form\u00e1t, hanem mert olyan probl\u00e9m\u00e1kat, megold\u00e1smint\u00e1kat, er\u0151forr\u00e1sokat t\u00fckr\u00f6zhetnek vissza, amihez tudatosan nem f\u00e9rt addig hozz\u00e1 a kliens.<\/p><p>Az \u00f6nv\u00e9d\u0151 mechanizmusok m\u0171k\u00f6d\u00e9se azonban t\u00f6k\u00e9letes, mert a szimb\u00f3lumok egyszerre fedik fel azokat a feladatokat, jelens\u00e9geket, amire k\u00e9szen \u00e1llunk \u00e9s rejtik el a tudatoss\u00e1g el\u0151l, amikre m\u00e9g nem. A fesz\u00fclts\u00e9g old\u00e1sa azonban \u00edgy is megt\u00f6rt\u00e9nik, hiszen az \u00e9rzelmek szintj\u00e9n elindult a folyamat, ami a szem\u00e9lyis\u00e9g \u00e1talakul\u00e1s\u00e1t, v\u00e1ltoz\u00e1s\u00e1t seg\u00edtheti.<\/p>\t\t\t\t\t\t<\/div>\n\t\t\t\t<\/div>\n\t\t\t\t\t<\/div>\n\t\t<\/div>\n\t\t\t\t\t<\/div>\n\t\t<\/section>\n\t\t\t\t<\/div>\n\t\t","protected":false},"excerpt":{"rendered":"<p>Rogersi m\u00f3dszer \u201eMin\u00e9l jobban meg\u00e9rt\u00fcnk \u00e9s min\u00e9l ink\u00e1bb elfogadunk valakit, ann\u00e1l ink\u00e1bb siker\u00fcl megv\u00e1ltani azokt\u00f3l a hamis viselked\u00e9sm\u00f3dokt\u00f3l, amelyek kor\u00e1bban az \u00e9lettel val\u00f3 kapcsolat\u00e1t jelentett\u00e9k, \u00e9s ann\u00e1l ink\u00e1bb k\u00e9pes elmozdulni egy olyan ir\u00e1nyba, amely valamilyen szempontb\u00f3l pozit\u00edvnak tekinthet\u0151.\u201d (Carl Rogers \u2013 Valakiv\u00e9 v\u00e1lni) Ment\u00e1lhigi\u00e9n\u00e9sk\u00e9nt munk\u00e1mat a rogersi m\u00f3dszer h\u00e1rom pill\u00e9re hat\u00e1rozza meg: elfogad\u00e1s, emp\u00e1tia, hiteless\u00e9g. [&hellip;]<\/p>\n","protected":false},"author":2,"featured_media":0,"parent":0,"menu_order":0,"comment_status":"closed","ping_status":"closed","template":"","meta":{"footnotes":""},"aioseo_notices":[],"_links":{"self":[{"href":"https:\/\/www.bajnoczizsofia.hu\/index.php\/wp-json\/wp\/v2\/pages\/832"}],"collection":[{"href":"https:\/\/www.bajnoczizsofia.hu\/index.php\/wp-json\/wp\/v2\/pages"}],"about":[{"href":"https:\/\/www.bajnoczizsofia.hu\/index.php\/wp-json\/wp\/v2\/types\/page"}],"author":[{"embeddable":true,"href":"https:\/\/www.bajnoczizsofia.hu\/index.php\/wp-json\/wp\/v2\/users\/2"}],"replies":[{"embeddable":true,"href":"https:\/\/www.bajnoczizsofia.hu\/index.php\/wp-json\/wp\/v2\/comments?post=832"}],"version-history":[{"count":31,"href":"https:\/\/www.bajnoczizsofia.hu\/index.php\/wp-json\/wp\/v2\/pages\/832\/revisions"}],"predecessor-version":[{"id":866,"href":"https:\/\/www.bajnoczizsofia.hu\/index.php\/wp-json\/wp\/v2\/pages\/832\/revisions\/866"}],"wp:attachment":[{"href":"https:\/\/www.bajnoczizsofia.hu\/index.php\/wp-json\/wp\/v2\/media?parent=832"}],"curies":[{"name":"wp","href":"https:\/\/api.w.org\/{rel}","templated":true}]}}